{"id":211,"date":"2020-10-09T14:56:03","date_gmt":"2020-10-09T14:56:03","guid":{"rendered":"https:\/\/qi11.qodeinteractive.com\/?page_id=211"},"modified":"2022-07-01T12:46:54","modified_gmt":"2022-07-01T12:46:54","slug":"raeumlichkeiten","status":"publish","type":"page","link":"https:\/\/www.restaurant-kanu-club-wesel.de\/?page_id=211","title":{"rendered":"Saalvermietung"},"content":{"rendered":"\t\t<div data-elementor-type=\"wp-page\" data-elementor-id=\"211\" class=\"elementor elementor-211\">\n\t\t\t\t\t\t<section class=\"elementor-section elementor-top-section elementor-element elementor-element-377980a elementor-section-boxed elementor-section-height-default elementor-section-height-default qodef-elementor-content-no\" data-id=\"377980a\" data-element_type=\"section\" data-e-type=\"section\">\n\t\t\t\t\t\t<div class=\"elementor-container elementor-column-gap-wider\">\n\t\t\t\t\t<div class=\"elementor-column elementor-col-33 elementor-top-column elementor-element elementor-element-badc599\" data-id=\"badc599\" data-element_type=\"column\" data-e-type=\"column\">\n\t\t\t<div class=\"elementor-widget-wrap elementor-element-populated\">\n\t\t\t\t\t\t<div class=\"elementor-element elementor-element-45bdd30 elementor-widget elementor-widget-heading\" data-id=\"45bdd30\" data-element_type=\"widget\" data-e-type=\"widget\" data-widget_type=\"heading.default\">\n\t\t\t\t<div class=\"elementor-widget-container\">\n\t\t\t\t\t<h2 class=\"elementor-heading-title elementor-size-default\">Saalmiete<\/h2>\t\t\t\t<\/div>\n\t\t\t\t<\/div>\n\t\t\t\t<div class=\"elementor-element elementor-element-cc007ee elementor-widget elementor-widget-text-editor\" data-id=\"cc007ee\" data-element_type=\"widget\" data-e-type=\"widget\" data-widget_type=\"text-editor.default\">\n\t\t\t\t<div class=\"elementor-widget-container\">\n\t\t\t\t\t\t\t\t\t<p>Sie m\u00f6chten unsere R\u00e4umlichkeiten f\u00fcr Ihr Event mieten?<br \/>Kein Problem!<br \/>Ob private Familienfeier, Firmenjubil\u00e4um, Kindergeburtstag oder gro\u00dfe Party, das alles ist in unseren Clubr\u00e4umen m\u00f6glich.<\/p><p>Der kleine Saal ist f\u00fcr 25 Personen ausgelegt, der gro\u00dfe Saal bietet Platz f\u00fcr Gesellschaften von bis zu 100 Personen.<\/p><p>Bei gutem Wetter k\u00f6nnen Sie selbstverst\u00e4ndlich auch unsere Sonnenterrasse mit herrlichem Ausblick nutzen.<\/p><p>Wir liefern die Getr\u00e4nke und machen Ihnen gerne eine Angebot f\u00fcr eine stimmungsvolle Kaffeetafel und leckeres Catering.<\/p><p>Wir sind ein familienfreundliches Restaurant: Kinder und Vierbeiner sind uns herzlich willkommen!<\/p>\t\t\t\t\t\t\t\t<\/div>\n\t\t\t\t<\/div>\n\t\t\t\t\t<\/div>\n\t\t<\/div>\n\t\t\t\t<div class=\"elementor-column elementor-col-33 elementor-top-column elementor-element elementor-element-c382b64\" data-id=\"c382b64\" data-element_type=\"column\" data-e-type=\"column\">\n\t\t\t<div class=\"elementor-widget-wrap elementor-element-populated\">\n\t\t\t\t\t\t<div class=\"elementor-element elementor-element-b5c2883 elementor-widget elementor-widget-qi_addons_for_elementor_pricing_table\" data-id=\"b5c2883\" data-element_type=\"widget\" data-e-type=\"widget\" data-widget_type=\"qi_addons_for_elementor_pricing_table.default\">\n\t\t\t\t<div class=\"elementor-widget-container\">\n\t\t\t\t\t<div class=\"qodef-shortcode qodef-m qodef-qi-pricing-table qodef-layout--vertical-image qodef-status--regular qodef-list-style--inside qodef-list-type--unordered qodef-list-style-icon qodef-label-type--ribbon qodef-period--side\">\n\t<div class=\"qodef-m-inner\">\n\t\t\t<h4 class=\"qodef-m-title\">\n\t\tKleiner Saal\t<\/h4>\n\t\t\t<div class=\"qodef-m-price\">\n\t\t<div class=\"qodef-m-price-wrapper qodef-h1\">\n\t\t\t\t\t\t<span class=\"qodef-m-price-value\">0<\/span>\n\t\t<\/div>\n\t\t\t\t\t<span class=\"qodef-m-price-period\">\u20ac<\/span>\n\t\t\t<\/div>\n\t\t\t\t\t<ul class=\"qodef-m-content\">\n\t\t\t\t\t<li class=\"qodef-e-item\">\n\t\t\t\t\t\t\t\t\t<span class=\"qodef-e-icon\"><i aria-hidden=\"true\" class=\"fas fa-angle-right\"><\/i><\/span>\n\t\t\t\t\t\t\t\t<span class=\"qodef-e-text\">F\u00fcr bis zu 25 Personen<\/span>\n\t\t\t<\/li>\n\t\t\t\t\t<li class=\"qodef-e-item\">\n\t\t\t\t\t\t\t\t\t<span class=\"qodef-e-icon\"><i aria-hidden=\"true\" class=\"fas fa-angle-right\"><\/i><\/span>\n\t\t\t\t\t\t\t\t<span class=\"qodef-e-text\">mietfrei!<\/span>\n\t\t\t<\/li>\n\t\t\t\t\t<li class=\"qodef-e-item\">\n\t\t\t\t\t\t\t\t\t<span class=\"qodef-e-icon\"><i aria-hidden=\"true\" class=\"fas fa-angle-right\"><\/i><\/span>\n\t\t\t\t\t\t\t\t<span class=\"qodef-e-text\">Getr\u00e4nke liefern wir<\/span>\n\t\t\t<\/li>\n\t\t\t\t\t<li class=\"qodef-e-item\">\n\t\t\t\t\t\t\t\t\t<span class=\"qodef-e-icon\"><i aria-hidden=\"true\" class=\"fas fa-angle-right\"><\/i><\/span>\n\t\t\t\t\t\t\t\t<span class=\"qodef-e-text\">Catering auf Wunsch<\/span>\n\t\t\t<\/li>\n\t\t\t<\/ul>\n\t\t\t<div class=\"qodef-m-button qodef-qi-clear\">\n\t\t<a class=\"qodef-shortcode qodef-m qodef-qi-button qodef-html--link qodef-layout--filled qodef-type--standard qodef-icon--right qodef-hover--icon-move-horizontal-short\" href=\"https:\/\/www.restaurant-kanu-club-wesel.de\/?page_id=211#formular\" target=\"_self\">\t<span class=\"qodef-m-text\">Jetzt anfragen<\/span>\t<\/a>\t<\/div>\n\t\t\t<\/div>\n\t<div class=\"qodef-m-vertical-image-holder\">\n\t\t\t<div class=\"qodef-m-image\">\n\t\t<img fetchpriority=\"high\" decoding=\"async\" width=\"1920\" height=\"1080\" src=\"https:\/\/www.restaurant-kanu-club-wesel.de\/wp-content\/uploads\/2021\/04\/menu-background-img.jpg\" class=\"attachment-full size-full\" alt=\"m\" srcset=\"https:\/\/www.restaurant-kanu-club-wesel.de\/wp-content\/uploads\/2021\/04\/menu-background-img.jpg 1920w, https:\/\/www.restaurant-kanu-club-wesel.de\/wp-content\/uploads\/2021\/04\/menu-background-img-300x169.jpg 300w, https:\/\/www.restaurant-kanu-club-wesel.de\/wp-content\/uploads\/2021\/04\/menu-background-img-1024x576.jpg 1024w, https:\/\/www.restaurant-kanu-club-wesel.de\/wp-content\/uploads\/2021\/04\/menu-background-img-768x432.jpg 768w, https:\/\/www.restaurant-kanu-club-wesel.de\/wp-content\/uploads\/2021\/04\/menu-background-img-1536x864.jpg 1536w\" sizes=\"(max-width: 1920px) 100vw, 1920px\" \/>\t<\/div>\n\t<\/div>\n<\/div>\n\t\t\t\t<\/div>\n\t\t\t\t<\/div>\n\t\t\t\t\t<\/div>\n\t\t<\/div>\n\t\t\t\t<div class=\"elementor-column elementor-col-33 elementor-top-column elementor-element elementor-element-d969b9e\" data-id=\"d969b9e\" data-element_type=\"column\" data-e-type=\"column\">\n\t\t\t<div class=\"elementor-widget-wrap elementor-element-populated\">\n\t\t\t\t\t\t<div class=\"elementor-element elementor-element-05c05f6 elementor-widget elementor-widget-qi_addons_for_elementor_pricing_table\" data-id=\"05c05f6\" data-element_type=\"widget\" data-e-type=\"widget\" data-widget_type=\"qi_addons_for_elementor_pricing_table.default\">\n\t\t\t\t<div class=\"elementor-widget-container\">\n\t\t\t\t\t<div class=\"qodef-shortcode qodef-m qodef-qi-pricing-table qodef-layout--vertical-image qodef-status--regular qodef-list-style--inside qodef-list-type--unordered qodef-list-style-icon qodef-label-type--badge qodef-period--side\">\n\t<div class=\"qodef-m-inner\">\n\t\t\t<h4 class=\"qodef-m-title\">\n\t\tGro\u00dfer Saal\t<\/h4>\n\t\t\t<div class=\"qodef-m-price\">\n\t\t<div class=\"qodef-m-price-wrapper qodef-h1\">\n\t\t\t\t\t\t<span class=\"qodef-m-price-value\">75<\/span>\n\t\t<\/div>\n\t\t\t\t\t<span class=\"qodef-m-price-period\">\u20ac<\/span>\n\t\t\t<\/div>\n\t\t\t\t\t<ul class=\"qodef-m-content\">\n\t\t\t\t\t<li class=\"qodef-e-item\">\n\t\t\t\t\t\t\t\t\t<span class=\"qodef-e-icon\"><i aria-hidden=\"true\" class=\"fas fa-angle-right\"><\/i><\/span>\n\t\t\t\t\t\t\t\t<span class=\"qodef-e-text\">F\u00fcr bis zu 100 Personen <\/span>\n\t\t\t<\/li>\n\t\t\t\t\t<li class=\"qodef-e-item\">\n\t\t\t\t\t\t\t\t\t<span class=\"qodef-e-icon\"><i aria-hidden=\"true\" class=\"fas fa-angle-right\"><\/i><\/span>\n\t\t\t\t\t\t\t\t<span class=\"qodef-e-text\">inkl. Endreiningung<\/span>\n\t\t\t<\/li>\n\t\t\t\t\t<li class=\"qodef-e-item\">\n\t\t\t\t\t\t\t\t\t<span class=\"qodef-e-icon\"><i aria-hidden=\"true\" class=\"fas fa-angle-right\"><\/i><\/span>\n\t\t\t\t\t\t\t\t<span class=\"qodef-e-text\">Getr\u00e4nke liefern wir<\/span>\n\t\t\t<\/li>\n\t\t\t\t\t<li class=\"qodef-e-item\">\n\t\t\t\t\t\t\t\t\t<span class=\"qodef-e-icon\"><i aria-hidden=\"true\" class=\"fas fa-angle-right\"><\/i><\/span>\n\t\t\t\t\t\t\t\t<span class=\"qodef-e-text\">Catering auf Wunsch<\/span>\n\t\t\t<\/li>\n\t\t\t<\/ul>\n\t\t\t<div class=\"qodef-m-button qodef-qi-clear\">\n\t\t<a class=\"qodef-shortcode qodef-m qodef-qi-button qodef-html--link qodef-layout--filled qodef-type--standard qodef-icon--right qodef-hover--icon-move-horizontal-short\" href=\"https:\/\/www.restaurant-kanu-club-wesel.de\/?page_id=211#formular\" target=\"_self\">\t<span class=\"qodef-m-text\">Jetzt anfragen<\/span>\t<\/a>\t<\/div>\n\t\t\t<\/div>\n\t<div class=\"qodef-m-vertical-image-holder\">\n\t\t\t<div class=\"qodef-m-image\">\n\t\t<img fetchpriority=\"high\" decoding=\"async\" width=\"1920\" height=\"1080\" src=\"https:\/\/www.restaurant-kanu-club-wesel.de\/wp-content\/uploads\/2021\/04\/menu-background-img.jpg\" class=\"attachment-full size-full\" alt=\"m\" srcset=\"https:\/\/www.restaurant-kanu-club-wesel.de\/wp-content\/uploads\/2021\/04\/menu-background-img.jpg 1920w, https:\/\/www.restaurant-kanu-club-wesel.de\/wp-content\/uploads\/2021\/04\/menu-background-img-300x169.jpg 300w, https:\/\/www.restaurant-kanu-club-wesel.de\/wp-content\/uploads\/2021\/04\/menu-background-img-1024x576.jpg 1024w, https:\/\/www.restaurant-kanu-club-wesel.de\/wp-content\/uploads\/2021\/04\/menu-background-img-768x432.jpg 768w, https:\/\/www.restaurant-kanu-club-wesel.de\/wp-content\/uploads\/2021\/04\/menu-background-img-1536x864.jpg 1536w\" sizes=\"(max-width: 1920px) 100vw, 1920px\" \/>\t<\/div>\n\t<\/div>\n<\/div>\n\t\t\t\t<\/div>\n\t\t\t\t<\/div>\n\t\t\t\t\t<\/div>\n\t\t<\/div>\n\t\t\t\t\t<\/div>\n\t\t<\/section>\n\t\t\t\t<section class=\"elementor-section elementor-top-section elementor-element elementor-element-1750a30 elementor-section-full_width elementor-section-height-default elementor-section-height-default qodef-elementor-content-no\" data-id=\"1750a30\" data-element_type=\"section\" data-e-type=\"section\">\n\t\t\t\t\t\t<div class=\"elementor-container elementor-column-gap-default\">\n\t\t\t\t\t<div class=\"elementor-column elementor-col-100 elementor-top-column elementor-element elementor-element-e5bef0d\" data-id=\"e5bef0d\" data-element_type=\"column\" data-e-type=\"column\">\n\t\t\t<div class=\"elementor-widget-wrap elementor-element-populated\">\n\t\t\t\t\t\t<div class=\"elementor-element elementor-element-456be96 elementor-widget__width-inherit elementor-widget elementor-widget-qi_addons_for_elementor_image_gallery_masonry\" data-id=\"456be96\" data-element_type=\"widget\" data-e-type=\"widget\" data-widget_type=\"qi_addons_for_elementor_image_gallery_masonry.default\">\n\t\t\t\t<div class=\"elementor-widget-container\">\n\t\t\t\t\t<div class=\"qodef-shortcode qodef-m qodef-qi-image-gallery-masonry qodef-qi-fslightbox-popup qodef-popup-gallery qodef-image--hover-zoom qodef-qi-grid qodef-layout--qi-masonry qodef-items--fixed qodef-col-num--4 qodef-responsive--predefined\">\n\t<div class=\"qodef-grid-inner\">\n\t\t\t<div class=\"qodef-qi-grid-masonry-sizer\"><\/div>\n<div class=\"qodef-e qodef-image-wrapper qodef-grid-item qodef-item--square\">\n\t<div class=\"qodef-e-inner\">\n\t\t\t\t\t<a class=\"qodef-popup-item\" itemprop=\"image\" href=\"https:\/\/www.restaurant-kanu-club-wesel.de\/wp-content\/uploads\/2022\/05\/Kanu_Terasse-nah.jpg\" data-type=\"image\" data-fslightbox=\"gallery-1\">\n\t\t\t\t\t<img decoding=\"async\" width=\"650\" height=\"650\" src=\"https:\/\/www.restaurant-kanu-club-wesel.de\/wp-content\/uploads\/2022\/05\/Kanu_Terasse-nah-650x650.jpg\" class=\"attachment-qi_addons_for_elementor_image_size_square size-qi_addons_for_elementor_image_size_square\" alt=\"\" srcset=\"https:\/\/www.restaurant-kanu-club-wesel.de\/wp-content\/uploads\/2022\/05\/Kanu_Terasse-nah-650x650.jpg 650w, https:\/\/www.restaurant-kanu-club-wesel.de\/wp-content\/uploads\/2022\/05\/Kanu_Terasse-nah-300x300.jpg 300w, https:\/\/www.restaurant-kanu-club-wesel.de\/wp-content\/uploads\/2022\/05\/Kanu_Terasse-nah-150x150.jpg 150w, https:\/\/www.restaurant-kanu-club-wesel.de\/wp-content\/uploads\/2022\/05\/Kanu_Terasse-nah-768x768.jpg 768w, https:\/\/www.restaurant-kanu-club-wesel.de\/wp-content\/uploads\/2022\/05\/Kanu_Terasse-nah.jpg 800w\" sizes=\"(max-width: 650px) 100vw, 650px\" \/>\t\t\t\t\t<\/a>\n\t\t\t<\/div>\n<\/div>\n<div class=\"qodef-e qodef-image-wrapper qodef-grid-item qodef-item--\">\n\t<div class=\"qodef-e-inner\">\n\t\t\t\t\t<a class=\"qodef-popup-item\" itemprop=\"image\" href=\"https:\/\/www.restaurant-kanu-club-wesel.de\/wp-content\/uploads\/2022\/05\/Kanu_Feier.jpg\" data-type=\"image\" data-fslightbox=\"gallery-1\">\n\t\t\t\t\t<img decoding=\"async\" width=\"800\" height=\"800\" src=\"https:\/\/www.restaurant-kanu-club-wesel.de\/wp-content\/uploads\/2022\/05\/Kanu_Feier.jpg\" class=\"attachment- size-\" alt=\"\" srcset=\"https:\/\/www.restaurant-kanu-club-wesel.de\/wp-content\/uploads\/2022\/05\/Kanu_Feier.jpg 800w, https:\/\/www.restaurant-kanu-club-wesel.de\/wp-content\/uploads\/2022\/05\/Kanu_Feier-300x300.jpg 300w, https:\/\/www.restaurant-kanu-club-wesel.de\/wp-content\/uploads\/2022\/05\/Kanu_Feier-150x150.jpg 150w, https:\/\/www.restaurant-kanu-club-wesel.de\/wp-content\/uploads\/2022\/05\/Kanu_Feier-768x768.jpg 768w, https:\/\/www.restaurant-kanu-club-wesel.de\/wp-content\/uploads\/2022\/05\/Kanu_Feier-650x650.jpg 650w\" sizes=\"(max-width: 800px) 100vw, 800px\" \/>\t\t\t\t\t<\/a>\n\t\t\t<\/div>\n<\/div>\n<div class=\"qodef-e qodef-image-wrapper qodef-grid-item qodef-item--\">\n\t<div class=\"qodef-e-inner\">\n\t\t\t\t\t<a class=\"qodef-popup-item\" itemprop=\"image\" href=\"https:\/\/www.restaurant-kanu-club-wesel.de\/wp-content\/uploads\/2022\/05\/Kanu_Terasse.jpg\" data-type=\"image\" data-fslightbox=\"gallery-1\">\n\t\t\t\t\t<img loading=\"lazy\" decoding=\"async\" width=\"800\" height=\"800\" src=\"https:\/\/www.restaurant-kanu-club-wesel.de\/wp-content\/uploads\/2022\/05\/Kanu_Terasse.jpg\" class=\"attachment- size-\" alt=\"\" srcset=\"https:\/\/www.restaurant-kanu-club-wesel.de\/wp-content\/uploads\/2022\/05\/Kanu_Terasse.jpg 800w, https:\/\/www.restaurant-kanu-club-wesel.de\/wp-content\/uploads\/2022\/05\/Kanu_Terasse-300x300.jpg 300w, https:\/\/www.restaurant-kanu-club-wesel.de\/wp-content\/uploads\/2022\/05\/Kanu_Terasse-150x150.jpg 150w, https:\/\/www.restaurant-kanu-club-wesel.de\/wp-content\/uploads\/2022\/05\/Kanu_Terasse-768x768.jpg 768w, https:\/\/www.restaurant-kanu-club-wesel.de\/wp-content\/uploads\/2022\/05\/Kanu_Terasse-650x650.jpg 650w\" sizes=\"(max-width: 800px) 100vw, 800px\" \/>\t\t\t\t\t<\/a>\n\t\t\t<\/div>\n<\/div>\n<div class=\"qodef-e qodef-image-wrapper qodef-grid-item qodef-item--\">\n\t<div class=\"qodef-e-inner\">\n\t\t\t\t\t<a class=\"qodef-popup-item\" itemprop=\"image\" href=\"https:\/\/www.restaurant-kanu-club-wesel.de\/wp-content\/uploads\/2022\/05\/Kanu_Vierbeiner.jpg\" data-type=\"image\" data-fslightbox=\"gallery-1\">\n\t\t\t\t\t<img loading=\"lazy\" decoding=\"async\" width=\"2490\" height=\"2490\" src=\"https:\/\/www.restaurant-kanu-club-wesel.de\/wp-content\/uploads\/2022\/05\/Kanu_Vierbeiner.jpg\" class=\"attachment- size-\" alt=\"Kleinkind mit Hund auf einem Feldweg\" srcset=\"https:\/\/www.restaurant-kanu-club-wesel.de\/wp-content\/uploads\/2022\/05\/Kanu_Vierbeiner.jpg 2490w, https:\/\/www.restaurant-kanu-club-wesel.de\/wp-content\/uploads\/2022\/05\/Kanu_Vierbeiner-300x300.jpg 300w, https:\/\/www.restaurant-kanu-club-wesel.de\/wp-content\/uploads\/2022\/05\/Kanu_Vierbeiner-1024x1024.jpg 1024w, https:\/\/www.restaurant-kanu-club-wesel.de\/wp-content\/uploads\/2022\/05\/Kanu_Vierbeiner-150x150.jpg 150w, https:\/\/www.restaurant-kanu-club-wesel.de\/wp-content\/uploads\/2022\/05\/Kanu_Vierbeiner-768x768.jpg 768w, https:\/\/www.restaurant-kanu-club-wesel.de\/wp-content\/uploads\/2022\/05\/Kanu_Vierbeiner-1536x1536.jpg 1536w, https:\/\/www.restaurant-kanu-club-wesel.de\/wp-content\/uploads\/2022\/05\/Kanu_Vierbeiner-2048x2048.jpg 2048w, https:\/\/www.restaurant-kanu-club-wesel.de\/wp-content\/uploads\/2022\/05\/Kanu_Vierbeiner-650x650.jpg 650w, https:\/\/www.restaurant-kanu-club-wesel.de\/wp-content\/uploads\/2022\/05\/Kanu_Vierbeiner-1300x1300.jpg 1300w\" sizes=\"(max-width: 2490px) 100vw, 2490px\" \/>\t\t\t\t\t<\/a>\n\t\t\t<\/div>\n<\/div>\n\t<\/div>\n<\/div>\n\t\t\t\t<\/div>\n\t\t\t\t<\/div>\n\t\t\t\t\t<\/div>\n\t\t<\/div>\n\t\t\t\t\t<\/div>\n\t\t<\/section>\n\t\t\t\t<section class=\"elementor-section elementor-top-section elementor-element elementor-element-a425b93 qodef-elementor-content-grid elementor-section-boxed elementor-section-height-default elementor-section-height-default\" data-id=\"a425b93\" data-element_type=\"section\" data-e-type=\"section\">\n\t\t\t\t\t\t<div class=\"elementor-container elementor-column-gap-default\">\n\t\t\t\t\t<div class=\"elementor-column elementor-col-100 elementor-top-column elementor-element elementor-element-3d63176\" data-id=\"3d63176\" data-element_type=\"column\" data-e-type=\"column\">\n\t\t\t<div class=\"elementor-widget-wrap elementor-element-populated\">\n\t\t\t\t\t\t<div class=\"elementor-element elementor-element-6bc00f1 elementor-widget elementor-widget-qi_addons_for_elementor_section_title\" data-id=\"6bc00f1\" data-element_type=\"widget\" data-e-type=\"widget\" id=\"formular\" data-widget_type=\"qi_addons_for_elementor_section_title.default\">\n\t\t\t\t<div class=\"elementor-widget-container\">\n\t\t\t\t\t<div class=\"qodef-shortcode qodef-m qodef-qi-section-title qodef-decoration--italic qodef-link--underline-draw qodef-subtitle-icon--left\">\n\t\t\t\t\t\t<h2 class=\"qodef-m-title\">\n\t\tRaum anfragen\t<\/h2>\n\t\t\t<\/div>\n\t\t\t\t<\/div>\n\t\t\t\t<\/div>\n\t\t\t\t<div class=\"elementor-element elementor-element-1825fe2 elementor-widget elementor-widget-qi_addons_for_elementor_contact_form_7\" data-id=\"1825fe2\" data-element_type=\"widget\" data-e-type=\"widget\" data-widget_type=\"qi_addons_for_elementor_contact_form_7.default\">\n\t\t\t\t<div class=\"elementor-widget-container\">\n\t\t\t\t\t<div class=\"qodef-shortcode qodef-m qodef-qi-contact-form-7\">\n\t\n<div class=\"wpcf7 no-js\" id=\"wpcf7-f153-o1\" lang=\"en-US\" dir=\"ltr\" data-wpcf7-id=\"153\">\n<div class=\"screen-reader-response\"><p role=\"status\" aria-live=\"polite\" aria-atomic=\"true\"><\/p> <ul><\/ul><\/div>\n<form action=\"\/index.php?rest_route=%2Fwp%2Fv2%2Fpages%2F211#wpcf7-f153-o1\" method=\"post\" class=\"wpcf7-form init\" aria-label=\"Contact form\" novalidate=\"novalidate\" data-status=\"init\">\n<fieldset class=\"hidden-fields-container\"><input type=\"hidden\" name=\"_wpcf7\" value=\"153\" \/><input type=\"hidden\" name=\"_wpcf7_version\" value=\"6.1.6\" \/><input type=\"hidden\" name=\"_wpcf7_locale\" value=\"en_US\" \/><input type=\"hidden\" name=\"_wpcf7_unit_tag\" value=\"wpcf7-f153-o1\" \/><input type=\"hidden\" name=\"_wpcf7_container_post\" value=\"0\" \/><input type=\"hidden\" name=\"_wpcf7_posted_data_hash\" value=\"\" \/>\n<\/fieldset>\n<div class=\"qodef-contact-form\">\n<\/div>\n\n<span class=\"wpcf7-form-control-wrap\" data-name=\"your-name\"><input size=\"40\" maxlength=\"400\" class=\"wpcf7-form-control wpcf7-text\" aria-invalid=\"false\" placeholder=\"Ihr Name\" value=\"\" type=\"text\" name=\"your-name\" \/><\/span>\n<span class=\"wpcf7-form-control-wrap\" data-name=\"email-466\"><input size=\"40\" maxlength=\"400\" class=\"wpcf7-form-control wpcf7-email wpcf7-validates-as-required wpcf7-text wpcf7-validates-as-email\" aria-required=\"true\" aria-invalid=\"false\" placeholder=\"Ihre E-Mail-Adresse\" value=\"\" type=\"email\" name=\"email-466\" \/><\/span>\n<span class=\"wpcf7-form-control-wrap\" data-name=\"Betreff\"><select class=\"wpcf7-form-control wpcf7-select wpcf7-validates-as-required\" aria-required=\"true\" aria-invalid=\"false\" name=\"Betreff\"><option value=\"Betreff: Saalmiete\">Betreff: Saalmiete<\/option><option value=\"Betreff: Allgemeine Anfrage\">Betreff: Allgemeine Anfrage<\/option><\/select><\/span>\n<span class=\"wpcf7-form-control-wrap\" data-name=\"your-message\"><textarea cols=\"20\" rows=\"4\" maxlength=\"2000\" class=\"wpcf7-form-control wpcf7-textarea\" aria-invalid=\"false\" placeholder=\"Ihre Nachricht an uns\" name=\"your-message\"><\/textarea><\/span>\n<div class=\"qodef-contact-form-button\"  style=\" margin-top: 7px;\" >\n<span class=\"wpcf7-form-control-wrap\" data-name=\"quiz-711\"><label><span class=\"wpcf7-quiz-label\">Spamschutz: Was ist die Hauptstadt von Frankreich?<\/span> <input size=\"40\" class=\"wpcf7-form-control wpcf7-quiz\" autocomplete=\"off\" aria-required=\"true\" aria-invalid=\"false\" type=\"text\" name=\"quiz-711\" \/><\/label><input type=\"hidden\" name=\"_wpcf7_quiz_answer_quiz-711\" value=\"51043771f7c0fe1d6984bf91f4f03663\" \/><\/span>\n<input class=\"wpcf7-form-control wpcf7-submit has-spinner qodef--hide-icon\" type=\"submit\" value=\"jetzt senden\" \/>\n<\/div>\n<\/div><div class=\"wpcf7-response-output\" aria-hidden=\"true\"><\/div>\n<\/form>\n<\/div>\n<\/div>\n\t\t\t\t<\/div>\n\t\t\t\t<\/div>\n\t\t\t\t\t<\/div>\n\t\t<\/div>\n\t\t\t\t\t<\/div>\n\t\t<\/section>\n\t\t\t\t<\/div>\n\t\t","protected":false},"excerpt":{"rendered":"<p>Saalmiete Sie m\u00f6chten unsere R\u00e4umlichkeiten f\u00fcr Ihr Event mieten?Kein Problem!Ob private Familienfeier, Firmenjubil\u00e4um, Kindergeburtstag oder gro\u00dfe Party, das alles ist in unseren Clubr\u00e4umen m\u00f6glich. Der kleine Saal ist f\u00fcr 25 Personen ausgelegt, der gro\u00dfe Saal bietet Platz f\u00fcr Gesellschaften von bis zu 100 Personen. Bei gutem Wetter k\u00f6nnen Sie selbstverst\u00e4ndlich auch unsere Sonnenterrasse mit herrlichem [&hellip;]<\/p>\n","protected":false},"author":1,"featured_media":0,"parent":0,"menu_order":0,"comment_status":"closed","ping_status":"closed","template":"qi-full-width.php","meta":{"footnotes":""},"class_list":["post-211","page","type-page","status-publish","hentry"],"_links":{"self":[{"href":"https:\/\/www.restaurant-kanu-club-wesel.de\/index.php?rest_route=\/wp\/v2\/pages\/211","targetHints":{"allow":["GET"]}}],"collection":[{"href":"https:\/\/www.restaurant-kanu-club-wesel.de\/index.php?rest_route=\/wp\/v2\/pages"}],"about":[{"href":"https:\/\/www.restaurant-kanu-club-wesel.de\/index.php?rest_route=\/wp\/v2\/types\/page"}],"author":[{"embeddable":true,"href":"https:\/\/www.restaurant-kanu-club-wesel.de\/index.php?rest_route=\/wp\/v2\/users\/1"}],"replies":[{"embeddable":true,"href":"https:\/\/www.restaurant-kanu-club-wesel.de\/index.php?rest_route=%2Fwp%2Fv2%2Fcomments&post=211"}],"version-history":[{"count":80,"href":"https:\/\/www.restaurant-kanu-club-wesel.de\/index.php?rest_route=\/wp\/v2\/pages\/211\/revisions"}],"predecessor-version":[{"id":1349,"href":"https:\/\/www.restaurant-kanu-club-wesel.de\/index.php?rest_route=\/wp\/v2\/pages\/211\/revisions\/1349"}],"wp:attachment":[{"href":"https:\/\/www.restaurant-kanu-club-wesel.de\/index.php?rest_route=%2Fwp%2Fv2%2Fmedia&parent=211"}],"curies":[{"name":"wp","href":"https:\/\/api.w.org\/{rel}","templated":true}]}}